{"id":210,"date":"2024-05-07T13:36:47","date_gmt":"2024-05-07T10:36:47","guid":{"rendered":"https:\/\/milalienxo.fi\/criollo\/wordpress\/?post_type=product&#038;p=210"},"modified":"2026-04-29T07:06:01","modified_gmt":"2026-04-29T04:06:01","slug":"criollo-light","status":"publish","type":"product","link":"https:\/\/www.criollo.fi\/en\/product\/criollo-light\/","title":{"rendered":"Criollo Light"},"content":{"rendered":"<p>Criollo Light is particularly suitable for horses with muscle problems, stomach ulcers and horses sensitive to hoof fever. Perfect for native breeds! Criollo Light may also be helpful for the summer rash problem.<\/p>\n<p>Note! In Criollo feeds, vitamin C and live yeast are stabilized, so they are not destroyed during the heating phase of the feed manufacturing process.<\/p>\n<p>Criollo feeds are the first feeds on the market, which have included e.g. linseed meal, live yeast and apple aroma! Criollo \u2013 the original \u2013 a pioneer in feeding!<\/p>\n<p>Criollo Light on erinomainen, edullinen ja helppo tapa t\u00e4ydent\u00e4\u00e4 hevosesi ruokinta &#8211; kun otat Criollo Light -rehun, muut s\u00e4kit voit unohtaa!<\/p>","protected":false},"excerpt":{"rendered":"<p>Low-starch and low-sugar, grain-free complete feed 20 kg<\/p>\n<p>Criollo Light is a grain-free, very high-fiber, low-carbohydrate complete feed for racing and hobby horses designed specifically for Finnish conditions and Finnish soil. It contains ALL the minerals, trace elements, vitamins and amino acids your horse needs. In addition to Criollo Light feed, all you need for your horse is hay, salt rock and water. Criollo Light is a pellet.<\/p>\n<p>Criollo Light has a very low starch and sugar content - starch 6.0 and sugar 4.2!<\/p>\n<p><strong>Criollo-s\u00e4kkirehut saa jatkossa tilattua\u00a0<a href=\"http:\/\/www.feedcon.fi\/\">www.feedcon.fi<\/a><\/strong><\/p>","protected":false},"featured_media":1441,"template":"","meta":[],"product_brand":[],"product_cat":[28],"product_tag":[54,55,53,52,51],"class_list":{"0":"post-210","1":"product","2":"type-product","3":"status-publish","4":"has-post-thumbnail","6":"product_cat-sakkirehut","7":"product_tag-kaviokuume","8":"product_tag-lihasongelma","9":"product_tag-mahahaava","10":"product_tag-vahasokerinen","11":"product_tag-vahatarkkelyksinen","12":"product_shipping_class-sakit","14":"entry","15":"has-media","17":"first","18":"instock","19":"taxable","20":"shipping-taxable","21":"product-type-simple","22":"has-product-nav","23":"col","24":"span_1_of_4","25":"owp-content-center","26":"owp-thumbs-layout-horizontal","27":"owp-btn-normal","28":"owp-tabs-layout-horizontal","29":"has-no-thumbnails"},"_links":{"self":[{"href":"https:\/\/www.criollo.fi\/en\/wp-json\/wp\/v2\/product\/210","targetHints":{"allow":["GET"]}}],"collection":[{"href":"https:\/\/www.criollo.fi\/en\/wp-json\/wp\/v2\/product"}],"about":[{"href":"https:\/\/www.criollo.fi\/en\/wp-json\/wp\/v2\/types\/product"}],"wp:featuredmedia":[{"embeddable":true,"href":"https:\/\/www.criollo.fi\/en\/wp-json\/wp\/v2\/media\/1441"}],"wp:attachment":[{"href":"https:\/\/www.criollo.fi\/en\/wp-json\/wp\/v2\/media?parent=210"}],"wp:term":[{"taxonomy":"product_brand","embeddable":true,"href":"https:\/\/www.criollo.fi\/en\/wp-json\/wp\/v2\/product_brand?post=210"},{"taxonomy":"product_cat","embeddable":true,"href":"https:\/\/www.criollo.fi\/en\/wp-json\/wp\/v2\/product_cat?post=210"},{"taxonomy":"product_tag","embeddable":true,"href":"https:\/\/www.criollo.fi\/en\/wp-json\/wp\/v2\/product_tag?post=210"}],"curies":[{"name":"wp","href":"https:\/\/api.w.org\/{rel}","templated":true}]}}