{"id":2016,"date":"2026-02-20T07:02:53","date_gmt":"2026-02-20T05:02:53","guid":{"rendered":"https:\/\/www.criollo.fi\/?post_type=product&#038;p=2016"},"modified":"2026-02-20T07:08:44","modified_gmt":"2026-02-20T05:08:44","slug":"elektram-1-l","status":"publish","type":"product","link":"https:\/\/www.criollo.fi\/en\/product\/elektram-1-l\/","title":{"rendered":"ElektrAm 1 l poistoer\u00e4"},"content":{"rendered":"","protected":false},"excerpt":{"rendered":"<p>Criollo ElektrAm on nestem\u00e4inen elektrolyyttivalmiste: runsaasti elektrolyyttej\u00e4, aminohappoja, vitamiineja ja hivenaineita sis\u00e4lt\u00e4v\u00e4 t\u00e4ydennysrehu hevosille; kovan rasituksen (my\u00f6s ennen rasitusta), kuljetuksen, kuumeen, ripulin ja hikoilun yhteydess\u00e4 elektrolyyttitasapainon palauttamiseksi.<\/p>\n<p>Exertion and disruption of fluid balance increase the need for magnesium, potassium, sodium, chlorides and vitamins.<\/p>\n<p><strong>No doping caution period!<\/strong><\/p>\n<p><strong>Koostumus:<\/strong>\u00a0vesi 39,8 %, dekstroosi 37,6 %, magnesiumkloridi 9 %, natriumkloridi 8,4 %, kaliumkloridi 2,15 %<br \/>\n<strong>Ravintoaineet<\/strong>: proteiini 0,25 %, raakarasva 0 %, raaka-kuitu 0,35 %, tuhka 15,5 %, natrium 3,2 %, magnesium 1,1 %, kloridi 9,5 %, kalium 1,1 %, kuiva-aine 53,5 %<br \/>\n<strong>Lis\u00e4aineet\/ kg<\/strong>: nikotiinihappo (B3) 800 mg, pantoteenihappo (B5) 752 mg, mangaani 130 mg, sinkki 1550 mg, rauta 5250 mg, kupari 190 mg, DLmetioniini 1140 mg, L-lysiini 1200 mg<\/p>\n<p><strong>Instructions:<\/strong> annetaan tarvittaessa, sekoitetaan rehuun tai veteen tai voidaan annostella my\u00f6s ruiskulla suoraan suuhun. Ravistettava hyvin ennen k\u00e4ytt\u00f6\u00e4.<br \/>\nHevonen (500 kg) 10 \u2013 30 ml (max 50 ml) ~ 1 l = esim. 20 ml kerta\/ n. 50 p\u00e4iv\u00e4annosta<\/p>","protected":false},"featured_media":2017,"template":"","meta":[],"product_brand":[],"product_cat":[21,24,27],"product_tag":[67],"class_list":{"0":"post-2016","1":"product","2":"type-product","3":"status-publish","4":"has-post-thumbnail","6":"product_cat-elektrolyytit","7":"product_cat-lihaksiston-hyvinvointiin","8":"product_cat-palautuminen","9":"product_tag-elektrolyytti","10":"product_shipping_class-normaali","12":"entry","13":"has-media","15":"first","16":"instock","17":"taxable","18":"shipping-taxable","19":"purchasable","20":"product-type-simple","21":"has-product-nav","22":"col","23":"span_1_of_4","24":"owp-content-center","25":"owp-thumbs-layout-horizontal","26":"owp-btn-normal","27":"owp-tabs-layout-horizontal","28":"has-no-thumbnails"},"_links":{"self":[{"href":"https:\/\/www.criollo.fi\/en\/wp-json\/wp\/v2\/product\/2016","targetHints":{"allow":["GET"]}}],"collection":[{"href":"https:\/\/www.criollo.fi\/en\/wp-json\/wp\/v2\/product"}],"about":[{"href":"https:\/\/www.criollo.fi\/en\/wp-json\/wp\/v2\/types\/product"}],"wp:featuredmedia":[{"embeddable":true,"href":"https:\/\/www.criollo.fi\/en\/wp-json\/wp\/v2\/media\/2017"}],"wp:attachment":[{"href":"https:\/\/www.criollo.fi\/en\/wp-json\/wp\/v2\/media?parent=2016"}],"wp:term":[{"taxonomy":"product_brand","embeddable":true,"href":"https:\/\/www.criollo.fi\/en\/wp-json\/wp\/v2\/product_brand?post=2016"},{"taxonomy":"product_cat","embeddable":true,"href":"https:\/\/www.criollo.fi\/en\/wp-json\/wp\/v2\/product_cat?post=2016"},{"taxonomy":"product_tag","embeddable":true,"href":"https:\/\/www.criollo.fi\/en\/wp-json\/wp\/v2\/product_tag?post=2016"}],"curies":[{"name":"wp","href":"https:\/\/api.w.org\/{rel}","templated":true}]}}