{"id":55,"date":"2024-05-07T10:48:12","date_gmt":"2024-05-07T07:48:12","guid":{"rendered":"https:\/\/milalienxo.fi\/criollo\/wordpress\/?page_id=55"},"modified":"2026-02-09T16:51:44","modified_gmt":"2026-02-09T14:51:44","slug":"idan-monte-assa","status":"publish","type":"page","link":"https:\/\/www.criollo.fi\/en\/idan-monte-assa\/","title":{"rendered":"Id\u00e4n monte-\u00e4ss\u00e4"},"content":{"rendered":"<div class=\"wp-block-group sisaltosivu\"><div class=\"wp-block-group__inner-container is-layout-constrained wp-block-group-is-layout-constrained\">\n<h2 class=\"wp-block-heading\" style=\"font-size:25px\">Id\u00e4n Mont\u00e9-\u00c4ss\u00e4 2026<\/h2>\n\n\n\n<p>Id\u00e4n Mont\u00e9-\u00c4ss\u00e4 ajetaan It\u00e4-Suomen raviradoilla\ud83d\ude0a!<br>L\u00e4hd\u00f6t ajetaan:<\/p>\n\n\n\n<ul class=\"wp-block-list\">\n<li><strong>8.5. Kuopio<\/strong><\/li>\n\n\n\n<li><strong>16.6. Mikkeli<\/strong><\/li>\n\n\n\n<li><strong>10.7. Lieksa<\/strong><\/li>\n\n\n\n<li><strong>23.7. Lappee<\/strong><\/li>\n\n\n\n<li><strong>8.8. Savonlinna<\/strong><\/li>\n\n\n\n<li><strong>14.8. Vierem\u00e4<\/strong><\/li>\n\n\n\n<li><strong>30.8. Joensuu<\/strong><\/li>\n\n\n\n<li><strong>19.9. Lappee FINAALI<\/strong><\/li>\n<\/ul>\n\n\n\n<h2 class=\"wp-block-heading\"><strong>Id\u00e4n Mont\u00e9-\u00c4ss\u00e4 S\u00e4\u00e4nn\u00f6t<\/strong><\/h2>\n\n\n\n<p>Kilpailuun ovat oikeutettuja osallistumaan 4-vuotiaat ja vanhemmat l\u00e4mminveriset. Karsintal\u00e4ht\u00f6j\u00e4 ajetaan 4 &#8211; 7. Karsintal\u00e4hd\u00f6t ja finaali ajetaan ryhm\u00e4ajona v\u00e4hint\u00e4\u00e4n 2000 m:n matkalla, karsintal\u00e4hd\u00f6t sarjam\u00e4\u00e4rityksell\u00e4 enint\u00e4\u00e4n 34.000 euroa ansainneet. Jos k\u00e4yt\u00f6ss\u00e4 ei ole l\u00e4ht\u00f6autoa, voidaan karsintal\u00e4ht\u00f6 ajaa v\u00e4hint\u00e4\u00e4n 2000 metrin tasoitusajona enint\u00e4\u00e4n 10 hevosella p. 34.000 e. enint\u00e4\u00e4n 34.000 e. Mahdollinen karsinta karsintal\u00e4ht\u00f6ihin suoritetaan normaalin karsintapistelaskun mukaan.<\/p>\n\n\n\n<p>Pisteet lasketaan kuuden parhaan joukkoon sijoittuneille: 20-15-10-7-5-2. Loppukilpailuun p\u00e4\u00e4see kymmenen (10) eniten karsintal\u00e4hd\u00f6ist\u00e4 pisteit\u00e4 ker\u00e4nnytt\u00e4 hevosta. Tasapisteiss\u00e4 ratkaisee parempi pistesija. Jos ne ovat samat, ratkaisee karsintal\u00e4hd\u00f6ss\u00e4 saavutettu parempi km-aika. Jos sekin on sama, ratkaisee arpa. Mik\u00e4li loppukilpailuun oikeutettu hevonen on estynyt osallistumasta, t\u00e4ytet\u00e4\u00e4n sen paikka seuraavaksi eniten pisteit\u00e4 ker\u00e4nneell\u00e4 hevosella jne. Mahdollisesti vapaaksi j\u00e4\u00e4v\u00e4t finaalipaikat t\u00e4ytet\u00e4\u00e4n karsintal\u00e4ht\u00f6ihin osallistuneilla hevosilla Suomen Hippos ry:n ravikilpailus\u00e4\u00e4nt\u00f6jen karsintapisteiden mukaisessa j\u00e4rjestyksess\u00e4.<\/p>\n\n\n\n<p>Loppukilpailuun ovat oikeutettuja osallistumaan ensimm\u00e4isen palkinnon suuruudesta riippumatta my\u00f6s ne mC- ja C-ajoluvan haltijat, jotka ovat ohjastaneet v\u00e4hint\u00e4\u00e4n 15 l\u00e4ht\u00f6\u00e4 (toto- tai paikallisraveissa) ennen loppukilpailun &nbsp;ilmoittautumisp\u00e4iv\u00e4\u00e4.<\/p>\n\n\n\n<p>Loppukilpailun voittajahevosen omistajalle, ohjastajalle ja hoitajalle kunniapalkinto ja voittajahevoselle loimi.<\/p>\n\n\n\n<p>Kilpailun j\u00e4rjest\u00e4\u00e4 It\u00e4-Suomen Raviradat.<\/p>\n<\/div><\/div>\n\n\n\n<h2 class=\"wp-block-heading\">Pistetilanne viimeisen karsinnan j\u00e4lkeen 2025<\/h2>\n\n\n\n<figure class=\"wp-block-table\"><table class=\"has-fixed-layout\"><tbody><tr><td><\/td><td><\/td><td><strong>km-aika<\/strong><\/td><td><strong>sij.<\/strong><\/td><td><strong>pisteet<\/strong><\/td><\/tr><tr><td>1.<\/td><td>Peak C.R. Seven<\/td><td>16,8<\/td><td>2,3,1,1<\/td><td>65<\/td><\/tr><tr><td>2.<\/td><td>All In Laddie<\/td><td>18,0<\/td><td>4,5,3,2<\/td><td>37<\/td><\/tr><tr><td>3.<\/td><td>Astrid Broline<\/td><td>17,4<\/td><td>2,1<\/td><td>35<\/td><\/tr><tr><td>4.<\/td><td>Mister Provident<\/td><td>17,5<\/td><td>1,3<\/td><td>30<\/td><\/tr><tr><td>5.<\/td><td>Gambino<\/td><td>17,8<\/td><td>2,4<\/td><td>22<\/td><\/tr><tr><td>6.<\/td><td>Quick Tooma<\/td><td>16,4<\/td><td>1<\/td><td>20<\/td><\/tr><tr><td>7.<\/td><td>Anders<\/td><td>18,2<\/td><td>1<\/td><td>20<\/td><\/tr><tr><td>8.<\/td><td>Livorno Boko<\/td><td>18,8<\/td><td>2,5<\/td><td>20<\/td><\/tr><tr><td>9.<\/td><td>Amon-Ra<\/td><td>18,2<\/td><td>3,6,4<\/td><td>19<\/td><\/tr><tr><td>10.<\/td><td>Incorrigible<\/td><td>18,6<\/td><td>2<\/td><td>15<\/td><\/tr><tr><td>11.<\/td><td>Chopin Blues<\/td><td>17,9<\/td><td>4,4<\/td><td>14<\/td><\/tr><tr><td>12.<\/td><td>Emmanuel De Gigue<\/td><td>19,6<\/td><td>6,5,4<\/td><td>14<\/td><\/tr><tr><td>13.<\/td><td>Governer Vice<\/td><td>17,9<\/td><td>3,6<\/td><td>12<\/td><\/tr><tr><td>14.<\/td><td>Angel Face<\/td><td>16,9<\/td><td>3<\/td><td>10<\/td><\/tr><tr><td>15.<\/td><td>Scorpion Comery<\/td><td>18,2<\/td><td>5<\/td><td>5<\/td><\/tr><tr><td>16.<\/td><td>BWT Gabriel<\/td><td>19,9<\/td><td>5<\/td><td>5<\/td><\/tr><tr><td>17.<\/td><td>Aphrodite de Milo<\/td><td>18,3<\/td><td>6<\/td><td>2<\/td><\/tr><tr><td>18.<\/td><td>Isa Sting<\/td><td>20,7<\/td><td>6<\/td><td>2<\/td><\/tr><\/tbody><\/table><\/figure>\n\n\n\n<h4 class=\"wp-block-heading\"><\/h4>\n\n\n\n<p><\/p>","protected":false},"excerpt":{"rendered":"<p>Id\u00e4n Mont\u00e9-\u00c4ss\u00e4 2026 Id\u00e4n Mont\u00e9-\u00c4ss\u00e4 ajetaan It\u00e4-Suomen raviradoilla\ud83d\ude0a!L\u00e4hd\u00f6t ajetaan: Id\u00e4n Mont\u00e9-\u00c4ss\u00e4 S\u00e4\u00e4nn\u00f6t Kilpailuun ovat oikeutettuja osallistumaan 4-vuotiaat ja vanhemmat l\u00e4mminveriset. Karsintal\u00e4ht\u00f6j\u00e4 ajetaan 4 &#8211; 7. Karsintal\u00e4hd\u00f6t ja finaali ajetaan ryhm\u00e4ajona v\u00e4hint\u00e4\u00e4n 2000 m:n matkalla, karsintal\u00e4hd\u00f6t sarjam\u00e4\u00e4rityksell\u00e4 enint\u00e4\u00e4n 34.000 euroa ansainneet. Jos k\u00e4yt\u00f6ss\u00e4 ei ole l\u00e4ht\u00f6autoa, voidaan karsintal\u00e4ht\u00f6 ajaa v\u00e4hint\u00e4\u00e4n 2000 metrin tasoitusajona enint\u00e4\u00e4n 10 hevosella [&hellip;]<\/p>","protected":false},"author":1,"featured_media":0,"parent":0,"menu_order":0,"comment_status":"closed","ping_status":"closed","template":"","meta":{"footnotes":""},"class_list":["post-55","page","type-page","status-publish","hentry","entry","owp-thumbs-layout-horizontal","owp-btn-normal","owp-tabs-layout-horizontal","has-no-thumbnails","has-product-nav"],"_links":{"self":[{"href":"https:\/\/www.criollo.fi\/en\/wp-json\/wp\/v2\/pages\/55","targetHints":{"allow":["GET"]}}],"collection":[{"href":"https:\/\/www.criollo.fi\/en\/wp-json\/wp\/v2\/pages"}],"about":[{"href":"https:\/\/www.criollo.fi\/en\/wp-json\/wp\/v2\/types\/page"}],"author":[{"embeddable":true,"href":"https:\/\/www.criollo.fi\/en\/wp-json\/wp\/v2\/users\/1"}],"replies":[{"embeddable":true,"href":"https:\/\/www.criollo.fi\/en\/wp-json\/wp\/v2\/comments?post=55"}],"version-history":[{"count":34,"href":"https:\/\/www.criollo.fi\/en\/wp-json\/wp\/v2\/pages\/55\/revisions"}],"predecessor-version":[{"id":2005,"href":"https:\/\/www.criollo.fi\/en\/wp-json\/wp\/v2\/pages\/55\/revisions\/2005"}],"wp:attachment":[{"href":"https:\/\/www.criollo.fi\/en\/wp-json\/wp\/v2\/media?parent=55"}],"curies":[{"name":"wp","href":"https:\/\/api.w.org\/{rel}","templated":true}]}}