{"id":53,"date":"2024-05-07T10:47:53","date_gmt":"2024-05-07T07:47:53","guid":{"rendered":"https:\/\/milalienxo.fi\/criollo\/wordpress\/?page_id=53"},"modified":"2026-02-09T21:38:32","modified_gmt":"2026-02-09T19:38:32","slug":"criollo-karjala-monte-cup","status":"publish","type":"page","link":"https:\/\/www.criollo.fi\/en\/criollo-karjala-monte-cup\/","title":{"rendered":"Criollo-Karjala Monte-Cup"},"content":{"rendered":"<p><\/p>\n\n\n\n<p><\/p>\n\n\n\n<p><\/p>\n\n\n\n<p><\/p>\n\n\n\n<p><\/p>\n\n\n\n<p><\/p>\n\n\n\n<p><\/p>\n\n\n\n<div class=\"wp-block-group sisaltosivu\"><div class=\"wp-block-group__inner-container is-layout-constrained wp-block-group-is-layout-constrained\">\n<h2 class=\"wp-block-heading\" style=\"font-size:25px\">VUODEN 2026 CRIOLLO-KARJALA MONT\u00c9-CUPIA EI VALITETTAVASTI VOIDA AJAA IT\u00c4-SUOMEN RAVIP\u00c4IVIEN V\u00c4HENT\u00c4MISEN VUOKSI<\/h2>\n\n\n\n<p><strong>CRIOLLO-KARJALA MONT\u00c9-CUP 2025<\/strong><\/p>\n\n\n\n<p>Criollo-Karjala Mont\u00e9-Cup ajetaan It\u00e4-Suomessa positiivisilla, karjalaisilla, mont\u00e9-aktiivisilla Lappeenrannan ja Joensuun raviradoilla\ud83d\ude0a! Kiertue alkaa Joensuussa 21.2. ja jatkuu Lappeessa 2.3., kolmas karsinta on Lappeessa 28.3. ja viimeinen karsinta on Joensuussa 6.4. ja<strong>&nbsp;upea finaali ajetaan Lappeessa 14.4.!<\/strong>&nbsp;Karsinnat ja finaali ajetaan ryhm\u00e4ajoina eli autol\u00e4ht\u00f6in\u00e4.<\/p>\n\n\n\n<p><em>Trot mont\u00e9 eli mont\u00e9 eli raviratsastus, on&nbsp;Ranskasta l\u00e4ht\u00f6isin oleva raviurheilun muoto, jossa ohjastaja ajaa kilpaa ratsastaen. Ohjastajalla pit\u00e4\u00e4 olla ajolupa ja hevosella ravikilpailuoikeus; montessa noudatetaan Suomen Hippos ry:n ravikilpailus\u00e4\u00e4nt\u00f6j\u00e4. Suomessa montea on ajettu vuodesta 1979 l\u00e4htien.<\/em><\/p>\n\n\n\n<h2 class=\"wp-block-heading\"><strong>CRIOLLO-KARJALA MONT\u00c9-CUP -S\u00c4\u00c4NN\u00d6T<\/strong><\/h2>\n\n\n\n<p>Kilpailuun ovat oikeutettuja osallistumaan 4-vuotiaat ja vanhemmat l\u00e4mminveriset. Karsintal\u00e4hd\u00f6t ajetaan ryhm\u00e4ajona v\u00e4hint\u00e4\u00e4n 2000 m matkalla enint\u00e4\u00e4n 27000 euroa voittosumman omaaville Lappeenrannan ja Joensuun raviradoilla. Mahdollinen karsinta suoritetaan normaalin karsintapistelaskun mukaan. Hevonen voi osallistua useampaan karsintal\u00e4ht\u00f6\u00f6n. Loppukilpailuun p\u00e4\u00e4see kymmenen (10) eniten karsintal\u00e4hd\u00f6ist\u00e4 pisteit\u00e4 ker\u00e4nnytt\u00e4 hevosta. Karsintal\u00e4hd\u00f6n voittajahevoselle Criollo-tuotepalkinto.<\/p>\n\n\n\n<p>Pisteet lasketaan seuraavasti kuuden parhaan joukkoon sijoittuneille: 20-15-10-7-5-3. Tasapisteiss\u00e4 ratkaisee parempi pistesija. Jos ne ovat samat, ratkaisee karsintal\u00e4hd\u00f6ss\u00e4 saavutettu parempi km-aika. Jos sekin on sama, ratkaisee arpa. Mik\u00e4li loppukilpailuun oikeutettu hevonen on estynyt osallistumasta, t\u00e4ytet\u00e4\u00e4n sen paikka seuraavaksi eniten pisteit\u00e4 ker\u00e4nneell\u00e4 hevosella jne. Mahdollisesti vapaaksi j\u00e4\u00e4v\u00e4t finaalipaikat t\u00e4ytet\u00e4\u00e4n karsintal\u00e4ht\u00f6ihin osallistuneilla hevosilla Suomen Hippos ry:n ravikilpailus\u00e4\u00e4nt\u00f6jen karsintapisteiden mukaisessa j\u00e4rjestyksess\u00e4.<\/p>\n\n\n\n<p>Loppukilpailuun ovat oikeutettuja osallistumaan ensimm\u00e4isen palkinnon suuruudesta riippumatta my\u00f6s ne mC- ja C-ajoluvan haltijat, jotka ovat ohjastaneet v\u00e4hint\u00e4\u00e4n 15 l\u00e4ht\u00f6\u00e4 (toto- tai paikallisraveissa) ennen loppukilpailun ilmoittautumisp\u00e4iv\u00e4\u00e4. Muilta osin noudatetaan Suomen Hippos ry:n voimassa olevia ravikilpailus\u00e4\u00e4nt\u00f6j\u00e4.<\/p>\n\n\n\n<p>Loppukilpailun voittajahevosen omistajalle, ohjastajalle ja hoitajalle kunniapalkinto, voittajahevoselle loimi ja Criollo-tuotepalkinto. Toiseksi ja kolmanneksi sijoittuneelle hevoselle kunniapalkinto ja Criollo-tuotepalkinto.<\/p>\n<\/div><\/div>\n\n\n\n<h2 class=\"wp-block-heading\">Pistetilanne kolmannen karsinnan j\u00e4lkeen<\/h2>\n\n\n\n<figure class=\"wp-block-table\"><table class=\"has-fixed-layout\"><tbody><tr><td><\/td><td>km-aika<\/td><td>sijoitukset<\/td><td>pisteet<\/td><\/tr><tr><td>1. Peack C.R Seven<\/td><td>18,0<\/td><td>3,1<\/td><td>30<\/td><\/tr><tr><td>2. Callela Lionel<\/td><td>16,8<\/td><td>1,5<\/td><td>25<\/td><\/tr><tr><td>3. Livorno Boko<\/td><td>18,6<\/td><td>1,6<\/td><td>23<\/td><\/tr><tr><td>.4. Jenny Flex<\/td><td>18,0<\/td><td>4,2<\/td><td>22<\/td><\/tr><tr><td>5. Zetaime<\/td><td>17,9<\/td><td>1<\/td><td>20<\/td><\/tr><tr><td>6. Emmanuel De Gigue<\/td><td>19,2<\/td><td>3,4<\/td><td>17<\/td><\/tr><tr><td>7. BWT Gabriel<\/td><td>17,3<\/td><td>2<\/td><td>15<\/td><\/tr><tr><td>8. Solomon Joe<\/td><td>18,7<\/td><td>2<\/td><td>15<\/td><\/tr><tr><td>9. Aphrodite de Milo<\/td><td>18,8<\/td><td>2<\/td><td>15<\/td><\/tr><tr><td>10. Cold Player<\/td><td>18,1<\/td><td>5,3<\/td><td>15<\/td><\/tr><tr><td>11. Macabeo<\/td><td>19,0<\/td><td>3<\/td><td>10<\/td><\/tr><tr><td>12. Ready Boss<\/td><td>18,6<\/td><td>4<\/td><td>7<\/td><\/tr><tr><td>13. Isa Sting<\/td><td>19,4<\/td><td>4<\/td><td>7<\/td><\/tr><tr><td>14. Brave Scion<\/td><td>18,4<\/td><td>5<\/td><td>5<\/td><\/tr><tr><td>15. Johan Coccola<\/td><td>20,7<\/td><td>5<\/td><td>5<\/td><\/tr><tr><td>16. Hoho Haha Sisu<\/td><td>20,1<\/td><td>6<\/td><td>3<\/td><\/tr><tr><td>17. Caipirinha P.C.<\/td><td>20,3<\/td><td>6<\/td><td>3<\/td><\/tr><\/tbody><\/table><\/figure>\n\n\n\n<p>Pisteett\u00f6m\u00e4t, finaaliin oikeutetut hevoset pistehevosten j\u00e4lkeen: Betulla C.R, Fight Back, Karela Boko ja Raven.<\/p>","protected":false},"excerpt":{"rendered":"<p>VUODEN 2026 CRIOLLO-KARJALA MONT\u00c9-CUPIA EI VALITETTAVASTI VOIDA AJAA IT\u00c4-SUOMEN RAVIP\u00c4IVIEN V\u00c4HENT\u00c4MISEN VUOKSI CRIOLLO-KARJALA MONT\u00c9-CUP 2025 Criollo-Karjala Mont\u00e9-Cup ajetaan It\u00e4-Suomessa positiivisilla, karjalaisilla, mont\u00e9-aktiivisilla Lappeenrannan ja Joensuun raviradoilla\ud83d\ude0a! Kiertue alkaa Joensuussa 21.2. ja jatkuu Lappeessa 2.3., kolmas karsinta on Lappeessa 28.3. ja viimeinen karsinta on Joensuussa 6.4. ja&nbsp;upea finaali ajetaan Lappeessa 14.4.!&nbsp;Karsinnat ja finaali ajetaan ryhm\u00e4ajoina eli [&hellip;]<\/p>","protected":false},"author":1,"featured_media":0,"parent":0,"menu_order":0,"comment_status":"closed","ping_status":"closed","template":"","meta":{"footnotes":"[]"},"class_list":["post-53","page","type-page","status-publish","hentry","entry","owp-thumbs-layout-horizontal","owp-btn-normal","owp-tabs-layout-horizontal","has-no-thumbnails","has-product-nav"],"_links":{"self":[{"href":"https:\/\/www.criollo.fi\/en\/wp-json\/wp\/v2\/pages\/53","targetHints":{"allow":["GET"]}}],"collection":[{"href":"https:\/\/www.criollo.fi\/en\/wp-json\/wp\/v2\/pages"}],"about":[{"href":"https:\/\/www.criollo.fi\/en\/wp-json\/wp\/v2\/types\/page"}],"author":[{"embeddable":true,"href":"https:\/\/www.criollo.fi\/en\/wp-json\/wp\/v2\/users\/1"}],"replies":[{"embeddable":true,"href":"https:\/\/www.criollo.fi\/en\/wp-json\/wp\/v2\/comments?post=53"}],"version-history":[{"count":30,"href":"https:\/\/www.criollo.fi\/en\/wp-json\/wp\/v2\/pages\/53\/revisions"}],"predecessor-version":[{"id":2009,"href":"https:\/\/www.criollo.fi\/en\/wp-json\/wp\/v2\/pages\/53\/revisions\/2009"}],"wp:attachment":[{"href":"https:\/\/www.criollo.fi\/en\/wp-json\/wp\/v2\/media?parent=53"}],"curies":[{"name":"wp","href":"https:\/\/api.w.org\/{rel}","templated":true}]}}