{"id":47,"date":"2024-05-07T10:47:00","date_gmt":"2024-05-07T07:47:00","guid":{"rendered":"https:\/\/milalienxo.fi\/criollo\/wordpress\/?page_id=47"},"modified":"2025-06-13T14:23:17","modified_gmt":"2025-06-13T11:23:17","slug":"jalleenmyyjat","status":"publish","type":"page","link":"https:\/\/www.criollo.fi\/en\/jalleenmyyjat\/","title":{"rendered":"Retailers"},"content":{"rendered":"<div class=\"wp-block-group sisaltosivu\"><div class=\"wp-block-group__inner-container is-layout-constrained wp-block-group-is-layout-constrained\">\n<p><strong>K\u00e4rkk\u00e4inen Web Oy\u00a0\u00a0(MY\u00d6S S\u00c4KKIREHUT!)<\/strong><br><a href=\"http:\/\/www.karkkainen.com\/\">www.karkkainen.com<\/a>\u00a0<\/p>\n\n\n\n<div style=\"height:10px\" aria-hidden=\"true\" class=\"wp-block-spacer\"><\/div>\n\n\n\n<h2 class=\"wp-block-heading taustaotsikko has-black-color has-text-color has-background has-link-color has-medium-font-size wp-elements-71e9ceca9ba39bddf62dc0c4ca86053d\" style=\"background-color:#b42b30\">Uusimaa<\/h2>\n\n\n\n<p><strong>Hevari Oy\/ Vermon myym\u00e4l\u00e4\u00a0(S\u00c4KKIREHUT) + myym\u00e4l\u00e4autot eri puolella Suomea<\/strong><br>Vermo Areena, Ravitie 1<br>00370 ESPOO<br>Puh. +358417326209<\/p>\n\n\n\n<p><strong>Murren Murkina Tammisto&nbsp;<\/strong>(not incl. sack feeds)<br>Hagelstamintie 31<br>01520 VANTAA<br>Puh. 045 898 2851<br><a href=\"http:\/\/www.murrenmurkina.com\/\">www.murrenmurkina.com<\/a><\/p>\n\n\n\n<p><strong>Murren Murkina Konala<\/strong>&nbsp;(not incl. sack feeds)<br>Ristipellontie 23<br>00390&nbsp;HELSINKI<br>Puh. 040 124 4801<br><a href=\"http:\/\/www.murrenmurkina.com\/\">www.murrenmurkina.com<\/a>&nbsp;<\/p>\n\n\n\n<p><strong>Hevostytti Tmi&nbsp;<\/strong>(not incl. sack feeds)<br>Werlanderintie 17<br>09220&nbsp;SAMMATTI<br>Puh. 0400 512 521<br><a href=\"mailto:hevostytti1@gmail.com\">hevostytti1@gmail.com<\/a><\/p>\n\n\n\n<div style=\"height:10px\" aria-hidden=\"true\" class=\"wp-block-spacer\"><\/div>\n\n\n\n<h2 class=\"wp-block-heading taustaotsikko has-black-color has-text-color has-background has-link-color has-medium-font-size wp-elements-27416039a7fde21c6e28c3b2ddffa32b\" style=\"background-color:#b42b30\">P\u00e4ij\u00e4t-H\u00e4me<\/h2>\n\n\n\n<p><strong>Hevari Oy\u00a0<\/strong> <strong>(S\u00c4KKIREHUT) + myym\u00e4l\u00e4autot eri puolella Suomea<\/strong><br>Vuohkakalliontie 2<br>18200\u00a0HEINOLA<br>Puh. 03 714 1111<\/p>\n\n\n\n<h2 class=\"wp-block-heading taustaotsikko has-black-color has-text-color has-background has-link-color has-medium-font-size wp-elements-621eda51c4892694b9e58bcc64717ac3\" style=\"background-color:#b42b30\">Kymenlaakso<\/h2>\n\n\n\n<p><strong>Kouvolan Hevoshieronta Ky \/ Noora Virtanen&nbsp;<\/strong>(not incl. sack feeds)<br>Puh. 050 535 7921<br><a href=\"mailto:tuulikalliontila@gmail.com\">tuulikalliontila@gmail.com<\/a>&nbsp;<\/p>\n\n\n\n<div style=\"height:10px\" aria-hidden=\"true\" class=\"wp-block-spacer\"><\/div>\n\n\n\n<h2 class=\"wp-block-heading taustaotsikko has-black-color has-text-color has-background has-link-color has-medium-font-size wp-elements-d565b8e0db96577dd9071291463c51d8\" style=\"background-color:#b42b30\">North Karelia<\/h2>\n\n\n\n<p><strong>Piskin Parraaks \/ Tanja Kalilainen&nbsp;<\/strong>(not incl. sack feeds)<br>Terottajantie 12<br>75500&nbsp;NURMES<br>Puh. 0400 420 517<br><a href=\"mailto:piskinparraaks@gmail.com\">piskinparraaks@gmail.com<\/a>&nbsp;<\/p>\n\n\n\n<div style=\"height:10px\" aria-hidden=\"true\" class=\"wp-block-spacer\"><\/div>\n\n\n\n<h2 class=\"wp-block-heading taustaotsikko has-black-color has-text-color has-background has-link-color has-medium-font-size wp-elements-c0bda57743475ea9bfb58287848c0333\" style=\"background-color:#b42b30\">Etel\u00e4-Karjala<\/h2>\n\n\n\n<p><strong>Jannen Vaunu Oy<\/strong><br>Raviradantie 13<br>53850\u00a0LAPPEENRANTA<br>Puh. <a href=\"https:\/\/www.google.com\/search?client=safari&amp;rls=en&amp;q=jannen+vaunu&amp;ie=UTF-8&amp;oe=UTF-8#\">040 576 4871<\/a><\/p>\n\n\n\n<div style=\"height:10px\" aria-hidden=\"true\" class=\"wp-block-spacer\"><\/div>\n\n\n\n<h2 class=\"wp-block-heading taustaotsikko has-black-color has-text-color has-background has-link-color has-medium-font-size wp-elements-53f59fc62f1cdd37b111330a19ad33e0\" style=\"background-color:#b42b30\">South Ostrobothnia<\/h2>\n\n\n\n<p><strong>Tallitukku.fi<\/strong> (s\u00e4kkirehut erillistilauksesta)<br>Holkonkyl\u00e4ntie 71<br>63610 TUURI<br>Puh. 040 758 0258<br>asiakaspalvelu@tallitukku.fi<br><a href=\"https:\/\/tallitukku.fi\/tuotemerkki\/criollo\">https:\/\/tallitukku.fi\/tuotemerkki\/criollo<\/a><\/p>\n\n\n\n<div style=\"height:10px\" aria-hidden=\"true\" class=\"wp-block-spacer\"><\/div>\n\n\n\n<h2 class=\"wp-block-heading taustaotsikko has-black-color has-text-color has-background has-link-color has-medium-font-size wp-elements-989c1f2fb42f7c618fa93156ebc5b690\" style=\"background-color:#b42b30\">Middle Ostrobothnia<\/h2>\n\n\n\n<p><strong>Ratsastuskauppa.fi\/ Foto Bj\u00f6rndahl Ky&nbsp;<\/strong>(not incl. sack feeds)<br>Isokatu 5<br>67100&nbsp;KOKKOLA<br>Puh. 040 561 8222<br><a href=\"http:\/\/www.ratsastuskauppa.fi\/\">monica@ratsastuskauppa.fi<\/a><\/p>\n\n\n\n<div style=\"height:10px\" aria-hidden=\"true\" class=\"wp-block-spacer\"><\/div>\n\n\n\n<h2 class=\"wp-block-heading taustaotsikko has-black-color has-text-color has-background has-link-color has-medium-font-size wp-elements-4a9dd6fc69f615862f593831a07408f7\" style=\"background-color:#b42b30\">North Ostrobothnia<\/h2>\n\n\n\n<p><strong>T:mi MinHei&nbsp;<\/strong>(not incl. sack feeds)<br>Iivarintie 11<br>85100 KALAJOKI<br>Puh. 050 591 0275<\/p>\n<\/div><\/div>","protected":false},"excerpt":{"rendered":"<p>K\u00e4rkk\u00e4inen Web Oy\u00a0\u00a0(MY\u00d6S S\u00c4KKIREHUT!)www.karkkainen.com\u00a0 Uusimaa Hevari Oy\/ Vermon myym\u00e4l\u00e4\u00a0(S\u00c4KKIREHUT) + myym\u00e4l\u00e4autot eri puolella SuomeaVermo Areena, Ravitie 100370 ESPOOPuh. +358417326209 Murren Murkina Tammisto&nbsp;(ei s\u00e4kkirehut)Hagelstamintie 3101520 VANTAAPuh. 045 898 2851www.murrenmurkina.com Murren Murkina Konala&nbsp;(ei s\u00e4kkirehut)Ristipellontie 2300390&nbsp;HELSINKIPuh. 040 124 4801www.murrenmurkina.com&nbsp; Hevostytti Tmi&nbsp;(ei s\u00e4kkirehut)Werlanderintie 1709220&nbsp;SAMMATTIPuh. 0400 512 521hevostytti1@gmail.com P\u00e4ij\u00e4t-H\u00e4me Hevari Oy\u00a0 (S\u00c4KKIREHUT) + myym\u00e4l\u00e4autot eri puolella SuomeaVuohkakalliontie 218200\u00a0HEINOLAPuh. 03 714 [&hellip;]<\/p>","protected":false},"author":1,"featured_media":0,"parent":0,"menu_order":0,"comment_status":"closed","ping_status":"closed","template":"","meta":{"footnotes":""},"class_list":["post-47","page","type-page","status-publish","hentry","entry","owp-thumbs-layout-horizontal","owp-btn-normal","owp-tabs-layout-horizontal","has-no-thumbnails","has-product-nav"],"_links":{"self":[{"href":"https:\/\/www.criollo.fi\/en\/wp-json\/wp\/v2\/pages\/47","targetHints":{"allow":["GET"]}}],"collection":[{"href":"https:\/\/www.criollo.fi\/en\/wp-json\/wp\/v2\/pages"}],"about":[{"href":"https:\/\/www.criollo.fi\/en\/wp-json\/wp\/v2\/types\/page"}],"author":[{"embeddable":true,"href":"https:\/\/www.criollo.fi\/en\/wp-json\/wp\/v2\/users\/1"}],"replies":[{"embeddable":true,"href":"https:\/\/www.criollo.fi\/en\/wp-json\/wp\/v2\/comments?post=47"}],"version-history":[{"count":23,"href":"https:\/\/www.criollo.fi\/en\/wp-json\/wp\/v2\/pages\/47\/revisions"}],"predecessor-version":[{"id":1866,"href":"https:\/\/www.criollo.fi\/en\/wp-json\/wp\/v2\/pages\/47\/revisions\/1866"}],"wp:attachment":[{"href":"https:\/\/www.criollo.fi\/en\/wp-json\/wp\/v2\/media?parent=47"}],"curies":[{"name":"wp","href":"https:\/\/api.w.org\/{rel}","templated":true}]}}