{"id":2,"date":"2024-05-06T14:40:28","date_gmt":"2024-05-06T11:40:28","guid":{"rendered":"https:\/\/milalienxo.fi\/criollo\/wordpress\/?page_id=2"},"modified":"2025-04-04T11:53:02","modified_gmt":"2025-04-04T08:53:02","slug":"esimerkkisivu","status":"publish","type":"page","link":"https:\/\/www.criollo.fi\/en\/","title":{"rendered":""},"content":{"rendered":"<div id=\"metaslider-id-1419\" style=\"width: 100%;\" class=\"ml-slider-3-95-0 metaslider metaslider-flex metaslider-1419 ml-slider esittelykuvat ms-theme-default nav-hidden\" role=\"region\" aria-roledescription=\"Slideshow\" aria-label=\"criollo slider\">\n    <div id=\"metaslider_container_1419\">\n        <div id=\"metaslider_1419\">\n            <ul class='slides'>\n                <li style=\"display: block; width: 100%;\" class=\"slide-1437 ms-image\" aria-roledescription=\"slide\" aria-label=\"slide-1437\"><img loading=\"lazy\" decoding=\"async\" src=\"https:\/\/www.criollo.fi\/wordpress\/wp-content\/uploads\/2024\/06\/9.jpg\" height=\"800\" width=\"1920\" alt=\"\" class=\"slider-1419 slide-1437\" title=\"Henkil\u00f6t Criollon takana\" \/><\/li>\n                <li style=\"display: none; width: 100%;\" class=\"slide-1434 ms-image\" aria-roledescription=\"slide\" aria-label=\"slide-1434\"><a href=\"https:\/\/www.criollo.fi\/en\/product-category\/muut-taydennysrehut-purkeissa\/\" target=\"_self\" class=\"metaslider_image_link\"><img loading=\"lazy\" decoding=\"async\" src=\"https:\/\/www.criollo.fi\/wordpress\/wp-content\/uploads\/2024\/06\/6.jpg\" height=\"800\" width=\"1920\" alt=\"\" class=\"slider-1419 slide-1434\" title=\"criollo nivelravinteet\" \/><\/a><\/li>\n                <li style=\"display: none; width: 100%;\" class=\"slide-1430 ms-image\" aria-roledescription=\"slide\" aria-label=\"slide-1430\"><img loading=\"lazy\" decoding=\"async\" src=\"https:\/\/www.criollo.fi\/wordpress\/wp-content\/uploads\/2024\/06\/2.jpg\" height=\"800\" width=\"1920\" alt=\"\" class=\"slider-1419 slide-1430\" title=\"criollo avainlippu\" \/><\/li>\n                <li style=\"display: none; width: 100%;\" class=\"slide-1433 ms-image\" aria-roledescription=\"slide\" aria-label=\"slide-1433\"><a href=\"https:\/\/www.criollo.fi\/en\/product\/six-bar-msmcurcuma\/\" target=\"_self\" class=\"metaslider_image_link\"><img loading=\"lazy\" decoding=\"async\" src=\"https:\/\/www.criollo.fi\/wordpress\/wp-content\/uploads\/2024\/06\/5.jpg\" height=\"800\" width=\"1920\" alt=\"\" class=\"slider-1419 slide-1433\" title=\"criollo six bar msm+curcuma\" \/><\/a><\/li>\n                <li style=\"display: none; width: 100%;\" class=\"slide-1429 ms-image\" aria-roledescription=\"slide\" aria-label=\"slide-1429\"><a href=\"https:\/\/www.criollo.fi\/en\/product\/elektrolyyttiaminohapot\/\" target=\"_self\" class=\"metaslider_image_link\"><img loading=\"lazy\" decoding=\"async\" src=\"https:\/\/www.criollo.fi\/wordpress\/wp-content\/uploads\/2024\/06\/1.jpg\" height=\"800\" width=\"1920\" alt=\"\" class=\"slider-1419 slide-1429\" title=\"criollo elektrolyytti+aminohapot\" \/><\/a><\/li>\n                <li style=\"display: none; width: 100%;\" class=\"slide-1432 ms-image\" aria-roledescription=\"slide\" aria-label=\"slide-1432\"><a href=\"https:\/\/www.criollo.fi\/en\/product-category\/sakkirehut\/\" target=\"_self\" class=\"metaslider_image_link\"><img loading=\"lazy\" decoding=\"async\" src=\"https:\/\/www.criollo.fi\/wordpress\/wp-content\/uploads\/2024\/06\/4.jpg\" height=\"800\" width=\"1920\" alt=\"\" class=\"slider-1419 slide-1432\" title=\"criollo hevosrehut\" \/><\/a><\/li>\n                <li style=\"display: none; width: 100%;\" class=\"slide-1431 ms-image\" aria-roledescription=\"slide\" aria-label=\"slide-1431\"><a href=\"https:\/\/www.criollo.fi\/en\/product\/collagen\/\" target=\"_self\" class=\"metaslider_image_link\"><img loading=\"lazy\" decoding=\"async\" src=\"https:\/\/www.criollo.fi\/wordpress\/wp-content\/uploads\/2024\/06\/3.jpg\" height=\"800\" width=\"1920\" alt=\"\" class=\"slider-1419 slide-1431\" title=\"criollo collagen\" \/><\/a><\/li>\n                <li style=\"display: none; width: 100%;\" class=\"slide-1435 ms-image\" aria-roledescription=\"slide\" aria-label=\"slide-1435\"><a href=\"https:\/\/www.criollo.fi\/en\/product\/psyllium\/\" target=\"_self\" class=\"metaslider_image_link\"><img loading=\"lazy\" decoding=\"async\" src=\"https:\/\/www.criollo.fi\/wordpress\/wp-content\/uploads\/2024\/06\/7.jpg\" height=\"800\" width=\"1920\" alt=\"\" class=\"slider-1419 slide-1435\" title=\"criollo psyllium\" \/><\/a><\/li>\n                <li style=\"display: none; width: 100%;\" class=\"slide-1436 ms-image\" aria-roledescription=\"slide\" aria-label=\"slide-1436\"><a href=\"https:\/\/www.criollo.fi\/en\/product\/gastromix\/\" target=\"_self\" class=\"metaslider_image_link\"><img loading=\"lazy\" decoding=\"async\" src=\"https:\/\/www.criollo.fi\/wordpress\/wp-content\/uploads\/2024\/06\/8.jpg\" height=\"800\" width=\"1920\" alt=\"\" class=\"slider-1419 slide-1436\" title=\"criollo gastromix\" \/><\/a><\/li>\n            <\/ul>\n        <\/div>\n        \n    <\/div>\n<\/div>\n\n\n\n<div class=\"wp-block-group\"><div class=\"wp-block-group__inner-container is-layout-constrained wp-block-group-is-layout-constrained\">\n<div class=\"wp-block-group esittelyteksti\"><div class=\"wp-block-group__inner-container is-layout-constrained wp-block-group-is-layout-constrained\">\n<h1 class=\"wp-block-heading has-text-align-center has-white-color has-text-color has-link-color wp-elements-672c2065573f956ea2ed443a8645480e\" style=\"font-size:50px;font-style:normal;font-weight:300\">For love of horses<\/h1>\n\n\n\n<p class=\"has-white-color has-text-color has-link-color has-medium-font-size wp-elements-5fa91fea94f13b99a21914334648525b\" style=\"letter-spacing:1px\">Our love story begins from a young horse girl, that decided to start their own horse fees and supplement company, because she wants the best for her horses. Simple and high quality, that's how Criollo - horse supplements came to be.<\/p>\n<\/div><\/div>\n\n\n\n<div style=\"height:20px\" aria-hidden=\"true\" class=\"wp-block-spacer\"><\/div>\n\n\n\n<h1 class=\"wp-block-heading has-text-align-center ravinneotsikko has-text-color has-link-color wp-elements-1dd548a90e611543e0e490ae604e6308\" style=\"color:#b42b30;font-size:50px;font-style:normal;font-weight:500\">Best selling supplements<\/h1>\n<\/div><\/div>\n\n\n\n<div class=\"wp-block-group\"><div class=\"wp-block-group__inner-container is-layout-constrained wp-block-group-is-layout-constrained\">\n<p class=\"has-text-align-center\"><strong>Kaikki yli 69 \u20ac:n lis\u00e4ravinnetilaukset Suomeen ilman toimituskuluja!<\/strong><\/p>\n\n\n<div data-block-name=\"woocommerce\/handpicked-products\" data-columns=\"4\" data-content-visibility=\"{&quot;image&quot;:true,&quot;title&quot;:true,&quot;price&quot;:true,&quot;rating&quot;:false,&quot;button&quot;:true}\" data-orderby=\"rating\" data-products=\"[141,156,191,165]\" class=\"wc-block-grid wp-block-handpicked-products wp-block-woocommerce-handpicked-products wc-block-handpicked-products has-4-columns has-multiple-rows\"><ul class=\"wc-block-grid__products\"><li class=\"wc-block-grid__product\">\n\t\t\t\t<a href=\"https:\/\/www.criollo.fi\/en\/product\/six-bar-msmcurcuma\/\" class=\"wc-block-grid__product-link\">\n\t\t\t\t\t\n\t\t\t\t\t<div class=\"wc-block-grid__product-image\"><img loading=\"lazy\" decoding=\"async\" width=\"300\" height=\"300\" src=\"https:\/\/www.criollo.fi\/wordpress\/wp-content\/uploads\/2024\/05\/six-bar-msm-curcuma-pieni-300x300.webp\" class=\"attachment-woocommerce_thumbnail size-woocommerce_thumbnail\" alt=\"Six Bar MSM+Curcuma\" srcset=\"https:\/\/www.criollo.fi\/wordpress\/wp-content\/uploads\/2024\/05\/six-bar-msm-curcuma-pieni-300x300.webp 300w, https:\/\/www.criollo.fi\/wordpress\/wp-content\/uploads\/2024\/05\/six-bar-msm-curcuma-pieni-150x150.webp 150w, https:\/\/www.criollo.fi\/wordpress\/wp-content\/uploads\/2024\/05\/six-bar-msm-curcuma-pieni-600x600.webp 600w, https:\/\/www.criollo.fi\/wordpress\/wp-content\/uploads\/2024\/05\/six-bar-msm-curcuma-pieni-100x100.webp 100w, https:\/\/www.criollo.fi\/wordpress\/wp-content\/uploads\/2024\/05\/six-bar-msm-curcuma-pieni-50x50.webp 50w\" sizes=\"auto, (max-width: 300px) 100vw, 300px\" \/><\/div>\n\t\t\t\t\t<div class=\"wc-block-grid__product-title\">Six Bar MSM+Curcuma<\/div>\n\t\t\t\t<\/a>\n\t\t\t\t<div class=\"wc-block-grid__product-price price\"><span class=\"woocommerce-Price-amount amount\" aria-hidden=\"true\">87,95&nbsp;<span class=\"woocommerce-Price-currencySymbol\">&euro;<\/span><\/span> <span aria-hidden=\"true\">&ndash;<\/span> <span class=\"woocommerce-Price-amount amount\" aria-hidden=\"true\">313,95&nbsp;<span class=\"woocommerce-Price-currencySymbol\">&euro;<\/span><\/span><span class=\"screen-reader-text\" data-no-translation=\"\" data-trp-gettext=\"\">Price range: 87,95&nbsp;&euro; through 313,95&nbsp;&euro;<\/span><\/div>\n\t\t\t\t\n\t\t\t\t<div class=\"wp-block-button wc-block-grid__product-add-to-cart\"><a href=\"https:\/\/www.criollo.fi\/en\/product\/six-bar-msmcurcuma\/\" aria-label=\"Select options for \u201cSix Bar MSM+Curcuma\u201d\" data-quantity=\"1\" data-product_id=\"191\" data-product_sku=\"\" data-price=\"87.95\" rel=\"nofollow\" class=\"wp-block-button__link  add_to_cart_button\" data-no-translation=\"\" data-trp-gettext=\"\" data-no-translation-aria-label=\"\">Select options<\/a><\/div>\n\t\t\t<\/li><li class=\"wc-block-grid__product\">\n\t\t\t\t<a href=\"https:\/\/www.criollo.fi\/en\/product\/magnam-be\/\" class=\"wc-block-grid__product-link\">\n\t\t\t\t\t\n\t\t\t\t\t<div class=\"wc-block-grid__product-image\"><img loading=\"lazy\" decoding=\"async\" width=\"300\" height=\"300\" src=\"https:\/\/www.criollo.fi\/wordpress\/wp-content\/uploads\/2024\/05\/magnambe-pieni-300x300.webp\" class=\"attachment-woocommerce_thumbnail size-woocommerce_thumbnail\" alt=\"MagnAm + BE\" srcset=\"https:\/\/www.criollo.fi\/wordpress\/wp-content\/uploads\/2024\/05\/magnambe-pieni-300x300.webp 300w, https:\/\/www.criollo.fi\/wordpress\/wp-content\/uploads\/2024\/05\/magnambe-pieni-150x150.webp 150w, https:\/\/www.criollo.fi\/wordpress\/wp-content\/uploads\/2024\/05\/magnambe-pieni-600x600.webp 600w, https:\/\/www.criollo.fi\/wordpress\/wp-content\/uploads\/2024\/05\/magnambe-pieni-100x100.webp 100w, https:\/\/www.criollo.fi\/wordpress\/wp-content\/uploads\/2024\/05\/magnambe-pieni-50x50.webp 50w\" sizes=\"auto, (max-width: 300px) 100vw, 300px\" \/><\/div>\n\t\t\t\t\t<div class=\"wc-block-grid__product-title\">MagnAm + BE<\/div>\n\t\t\t\t<\/a>\n\t\t\t\t<div class=\"wc-block-grid__product-price price\"><span class=\"woocommerce-Price-amount amount\" aria-hidden=\"true\">37,95&nbsp;<span class=\"woocommerce-Price-currencySymbol\">&euro;<\/span><\/span> <span aria-hidden=\"true\">&ndash;<\/span> <span class=\"woocommerce-Price-amount amount\" aria-hidden=\"true\">135,95&nbsp;<span class=\"woocommerce-Price-currencySymbol\">&euro;<\/span><\/span><span class=\"screen-reader-text\" data-no-translation=\"\" data-trp-gettext=\"\">Price range: 37,95&nbsp;&euro; through 135,95&nbsp;&euro;<\/span><\/div>\n\t\t\t\t\n\t\t\t\t<div class=\"wp-block-button wc-block-grid__product-add-to-cart\"><a href=\"https:\/\/www.criollo.fi\/en\/product\/magnam-be\/\" aria-label=\"Select options for \u201cMagnAm + BE\u201d\" data-quantity=\"1\" data-product_id=\"165\" data-product_sku=\"\" data-price=\"37.95\" rel=\"nofollow\" class=\"wp-block-button__link  add_to_cart_button\" data-no-translation=\"\" data-trp-gettext=\"\" data-no-translation-aria-label=\"\">Select options<\/a><\/div>\n\t\t\t<\/li><li class=\"wc-block-grid__product\">\n\t\t\t\t<a href=\"https:\/\/www.criollo.fi\/en\/product\/glukomix-hamsm\/\" class=\"wc-block-grid__product-link\">\n\t\t\t\t\t\n\t\t\t\t\t<div class=\"wc-block-grid__product-image\"><img loading=\"lazy\" decoding=\"async\" width=\"300\" height=\"300\" src=\"https:\/\/www.criollo.fi\/wordpress\/wp-content\/uploads\/2024\/05\/glukomix-ha-msm-pieni--300x300.webp\" class=\"attachment-woocommerce_thumbnail size-woocommerce_thumbnail\" alt=\"GluKoMix HA+MSM\" srcset=\"https:\/\/www.criollo.fi\/wordpress\/wp-content\/uploads\/2024\/05\/glukomix-ha-msm-pieni--300x300.webp 300w, https:\/\/www.criollo.fi\/wordpress\/wp-content\/uploads\/2024\/05\/glukomix-ha-msm-pieni--150x150.webp 150w, https:\/\/www.criollo.fi\/wordpress\/wp-content\/uploads\/2024\/05\/glukomix-ha-msm-pieni--600x600.webp 600w, https:\/\/www.criollo.fi\/wordpress\/wp-content\/uploads\/2024\/05\/glukomix-ha-msm-pieni--100x100.webp 100w, https:\/\/www.criollo.fi\/wordpress\/wp-content\/uploads\/2024\/05\/glukomix-ha-msm-pieni--50x50.webp 50w\" sizes=\"auto, (max-width: 300px) 100vw, 300px\" \/><\/div>\n\t\t\t\t\t<div class=\"wc-block-grid__product-title\">GluKoMix HA+MSM<\/div>\n\t\t\t\t<\/a>\n\t\t\t\t<div class=\"wc-block-grid__product-price price\"><span class=\"woocommerce-Price-amount amount\" aria-hidden=\"true\">76,95&nbsp;<span class=\"woocommerce-Price-currencySymbol\">&euro;<\/span><\/span> <span aria-hidden=\"true\">&ndash;<\/span> <span class=\"woocommerce-Price-amount amount\" aria-hidden=\"true\">283,95&nbsp;<span class=\"woocommerce-Price-currencySymbol\">&euro;<\/span><\/span><span class=\"screen-reader-text\" data-no-translation=\"\" data-trp-gettext=\"\">Price range: 76,95&nbsp;&euro; through 283,95&nbsp;&euro;<\/span><\/div>\n\t\t\t\t\n\t\t\t\t<div class=\"wp-block-button wc-block-grid__product-add-to-cart\"><a href=\"https:\/\/www.criollo.fi\/en\/product\/glukomix-hamsm\/\" aria-label=\"Select options for \u201cGluKoMix HA+MSM\u201d\" data-quantity=\"1\" data-product_id=\"156\" data-product_sku=\"\" data-price=\"76.95\" rel=\"nofollow\" class=\"wp-block-button__link  add_to_cart_button\" data-no-translation=\"\" data-trp-gettext=\"\" data-no-translation-aria-label=\"\">Select options<\/a><\/div>\n\t\t\t<\/li><li class=\"wc-block-grid__product\">\n\t\t\t\t<a href=\"https:\/\/www.criollo.fi\/en\/product\/elektrolyyttiaminohapot\/\" class=\"wc-block-grid__product-link\">\n\t\t\t\t\t\n\t\t\t\t\t<div class=\"wc-block-grid__product-image\"><img loading=\"lazy\" decoding=\"async\" width=\"300\" height=\"300\" src=\"https:\/\/www.criollo.fi\/wordpress\/wp-content\/uploads\/2024\/05\/elektrolyytti-pieni-300x300.webp\" class=\"attachment-woocommerce_thumbnail size-woocommerce_thumbnail\" alt=\"Elektrolyytti+aminohapot\" srcset=\"https:\/\/www.criollo.fi\/wordpress\/wp-content\/uploads\/2024\/05\/elektrolyytti-pieni-300x300.webp 300w, https:\/\/www.criollo.fi\/wordpress\/wp-content\/uploads\/2024\/05\/elektrolyytti-pieni-150x150.webp 150w, https:\/\/www.criollo.fi\/wordpress\/wp-content\/uploads\/2024\/05\/elektrolyytti-pieni-600x600.webp 600w, https:\/\/www.criollo.fi\/wordpress\/wp-content\/uploads\/2024\/05\/elektrolyytti-pieni-100x100.webp 100w, https:\/\/www.criollo.fi\/wordpress\/wp-content\/uploads\/2024\/05\/elektrolyytti-pieni-50x50.webp 50w\" sizes=\"auto, (max-width: 300px) 100vw, 300px\" \/><\/div>\n\t\t\t\t\t<div class=\"wc-block-grid__product-title\">Electrolyte+Amino Acids<\/div>\n\t\t\t\t<\/a>\n\t\t\t\t<div class=\"wc-block-grid__product-price price\"><span class=\"woocommerce-Price-amount amount\" aria-hidden=\"true\">20,95&nbsp;<span class=\"woocommerce-Price-currencySymbol\">&euro;<\/span><\/span> <span aria-hidden=\"true\">&ndash;<\/span> <span class=\"woocommerce-Price-amount amount\" aria-hidden=\"true\">47,95&nbsp;<span class=\"woocommerce-Price-currencySymbol\">&euro;<\/span><\/span><span class=\"screen-reader-text\" data-no-translation=\"\" data-trp-gettext=\"\">Price range: 20,95&nbsp;&euro; through 47,95&nbsp;&euro;<\/span><\/div>\n\t\t\t\t\n\t\t\t\t<div class=\"wp-block-button wc-block-grid__product-add-to-cart\"><a href=\"https:\/\/www.criollo.fi\/en\/product\/elektrolyyttiaminohapot\/\" aria-label=\"Select options for \u201cElektrolyytti+aminohapot\u201d\" data-quantity=\"1\" data-product_id=\"141\" data-product_sku=\"\" data-price=\"20.95\" rel=\"nofollow\" class=\"wp-block-button__link  add_to_cart_button\" data-no-translation=\"\" data-trp-gettext=\"\" data-no-translation-aria-label=\"\">Select options<\/a><\/div>\n\t\t\t<\/li><\/ul><\/div><\/div><\/div>\n\n\n\n<div class=\"wp-block-group kaikkimita\"><div class=\"wp-block-group__inner-container is-layout-constrained wp-block-group-is-layout-constrained\">\n<h1 class=\"wp-block-heading has-text-align-center has-white-color has-text-color has-link-color wp-elements-30f17a2e940c38744ae519278fcd2ff3\" style=\"font-size:50px;font-style:normal;font-weight:500\">Everything your horse needs, in a single sack<\/h1>\n\n\n<div data-block-name=\"woocommerce\/handpicked-products\" data-content-visibility=\"{&quot;image&quot;:true,&quot;title&quot;:true,&quot;price&quot;:true,&quot;rating&quot;:false,&quot;button&quot;:true}\" data-products=\"[209,210,213]\" class=\"wc-block-grid wp-block-handpicked-products wp-block-woocommerce-handpicked-products wc-block-handpicked-products has-3-columns has-multiple-rows rehutuotteet\"><ul class=\"wc-block-grid__products\"><li class=\"wc-block-grid__product\">\n\t\t\t\t<a href=\"https:\/\/www.criollo.fi\/en\/product\/criollo-mash\/\" class=\"wc-block-grid__product-link\">\n\t\t\t\t\t\n\t\t\t\t\t<div class=\"wc-block-grid__product-image\"><img loading=\"lazy\" decoding=\"async\" width=\"300\" height=\"300\" src=\"https:\/\/www.criollo.fi\/wordpress\/wp-content\/uploads\/2024\/05\/mash-scaled-e1720000477781-300x300.webp\" class=\"attachment-woocommerce_thumbnail size-woocommerce_thumbnail\" alt=\"Criollo Mash\" srcset=\"https:\/\/www.criollo.fi\/wordpress\/wp-content\/uploads\/2024\/05\/mash-scaled-e1720000477781-300x300.webp 300w, https:\/\/www.criollo.fi\/wordpress\/wp-content\/uploads\/2024\/05\/mash-scaled-e1720000477781-150x150.webp 150w, https:\/\/www.criollo.fi\/wordpress\/wp-content\/uploads\/2024\/05\/mash-scaled-e1720000477781-600x600.webp 600w, https:\/\/www.criollo.fi\/wordpress\/wp-content\/uploads\/2024\/05\/mash-scaled-e1720000477781-100x100.webp 100w, https:\/\/www.criollo.fi\/wordpress\/wp-content\/uploads\/2024\/05\/mash-scaled-e1720000477781-50x50.webp 50w\" sizes=\"auto, (max-width: 300px) 100vw, 300px\" \/><\/div>\n\t\t\t\t\t<div class=\"wc-block-grid__product-title\">Criollo Mash<\/div>\n\t\t\t\t<\/a>\n\t\t\t\t<div class=\"wc-block-grid__product-price price\"><\/div>\n\t\t\t\t\n\t\t\t\t<div class=\"wp-block-button wc-block-grid__product-add-to-cart\"><a href=\"https:\/\/www.criollo.fi\/en\/product\/criollo-mash\/\" aria-label=\"Read more about \u201cCriollo Mash\u201d\" data-quantity=\"1\" data-product_id=\"213\" data-product_sku=\"\" data-price=\"0\" rel=\"nofollow\" class=\"wp-block-button__link  add_to_cart_button\" data-no-translation=\"\" data-trp-gettext=\"\" data-no-translation-aria-label=\"\">Read more<\/a><\/div>\n\t\t\t<\/li><li class=\"wc-block-grid__product\">\n\t\t\t\t<a href=\"https:\/\/www.criollo.fi\/en\/product\/criollo-light\/\" class=\"wc-block-grid__product-link\">\n\t\t\t\t\t\n\t\t\t\t\t<div class=\"wc-block-grid__product-image\"><img loading=\"lazy\" decoding=\"async\" width=\"300\" height=\"300\" src=\"https:\/\/www.criollo.fi\/wordpress\/wp-content\/uploads\/2024\/05\/light--scaled-e1720000605508-300x300.webp\" class=\"attachment-woocommerce_thumbnail size-woocommerce_thumbnail\" alt=\"Criollo Light\" srcset=\"https:\/\/www.criollo.fi\/wordpress\/wp-content\/uploads\/2024\/05\/light--scaled-e1720000605508-300x300.webp 300w, https:\/\/www.criollo.fi\/wordpress\/wp-content\/uploads\/2024\/05\/light--scaled-e1720000605508-150x150.webp 150w, https:\/\/www.criollo.fi\/wordpress\/wp-content\/uploads\/2024\/05\/light--scaled-e1720000605508-600x600.webp 600w, https:\/\/www.criollo.fi\/wordpress\/wp-content\/uploads\/2024\/05\/light--scaled-e1720000605508-100x100.webp 100w, https:\/\/www.criollo.fi\/wordpress\/wp-content\/uploads\/2024\/05\/light--scaled-e1720000605508-50x50.webp 50w\" sizes=\"auto, (max-width: 300px) 100vw, 300px\" \/><\/div>\n\t\t\t\t\t<div class=\"wc-block-grid__product-title\">Criollo Light<\/div>\n\t\t\t\t<\/a>\n\t\t\t\t<div class=\"wc-block-grid__product-price price\"><\/div>\n\t\t\t\t\n\t\t\t\t<div class=\"wp-block-button wc-block-grid__product-add-to-cart\"><a href=\"https:\/\/www.criollo.fi\/en\/product\/criollo-light\/\" aria-label=\"Read more about \u201cCriollo Light\u201d\" data-quantity=\"1\" data-product_id=\"210\" data-product_sku=\"\" data-price=\"0\" rel=\"nofollow\" class=\"wp-block-button__link  add_to_cart_button\" data-no-translation=\"\" data-trp-gettext=\"\" data-no-translation-aria-label=\"\">Read more<\/a><\/div>\n\t\t\t<\/li><li class=\"wc-block-grid__product\">\n\t\t\t\t<a href=\"https:\/\/www.criollo.fi\/en\/product\/criollo-full\/\" class=\"wc-block-grid__product-link\">\n\t\t\t\t\t\n\t\t\t\t\t<div class=\"wc-block-grid__product-image\"><img loading=\"lazy\" decoding=\"async\" width=\"300\" height=\"300\" src=\"https:\/\/www.criollo.fi\/wordpress\/wp-content\/uploads\/2024\/05\/full--scaled-e1720000727361-300x300.webp\" class=\"attachment-woocommerce_thumbnail size-woocommerce_thumbnail\" alt=\"Criollo Full\" srcset=\"https:\/\/www.criollo.fi\/wordpress\/wp-content\/uploads\/2024\/05\/full--scaled-e1720000727361-300x300.webp 300w, https:\/\/www.criollo.fi\/wordpress\/wp-content\/uploads\/2024\/05\/full--scaled-e1720000727361-150x150.webp 150w, https:\/\/www.criollo.fi\/wordpress\/wp-content\/uploads\/2024\/05\/full--scaled-e1720000727361-600x600.webp 600w, https:\/\/www.criollo.fi\/wordpress\/wp-content\/uploads\/2024\/05\/full--scaled-e1720000727361-100x100.webp 100w, https:\/\/www.criollo.fi\/wordpress\/wp-content\/uploads\/2024\/05\/full--scaled-e1720000727361-50x50.webp 50w\" sizes=\"auto, (max-width: 300px) 100vw, 300px\" \/><\/div>\n\t\t\t\t\t<div class=\"wc-block-grid__product-title\">Criollo Full<\/div>\n\t\t\t\t<\/a>\n\t\t\t\t<div class=\"wc-block-grid__product-price price\"><\/div>\n\t\t\t\t\n\t\t\t\t<div class=\"wp-block-button wc-block-grid__product-add-to-cart\"><a href=\"https:\/\/www.criollo.fi\/en\/product\/criollo-full\/\" aria-label=\"Read more about \u201cCriollo Full\u201d\" data-quantity=\"1\" data-product_id=\"209\" data-product_sku=\"\" data-price=\"0\" rel=\"nofollow\" class=\"wp-block-button__link  add_to_cart_button\" data-no-translation=\"\" data-trp-gettext=\"\" data-no-translation-aria-label=\"\">Read more<\/a><\/div>\n\t\t\t<\/li><\/ul><\/div>\n\n\n<div class=\"wp-block-buttons is-layout-flex wp-block-buttons-is-layout-flex\">\n<div class=\"wp-block-button has-custom-width wp-block-button__width-75 has-custom-font-size is-style-fill tutustu\" style=\"font-size:20px\"><a class=\"wp-block-button__link has-background wp-element-button\" href=\"https:\/\/www.criollo.fi\/en\/product-category\/sakkirehut\/\" style=\"border-radius:14px;background-color:#f7edd6\">See all horse feeds<\/a><\/div>\n<\/div>\n<\/div><\/div>\n\n\n\n<div style=\"height:20px\" aria-hidden=\"true\" class=\"wp-block-spacer\"><\/div>\n\n\n\n<h1 class=\"wp-block-heading has-text-align-center has-text-color has-link-color wp-elements-2638fcdaed78acf040703eeea36419b1\" style=\"color:#b42b30;font-size:50px;font-style:normal;font-weight:500\">Subscribe to our newsletter<\/h1>\n\n\n\n<p class=\"has-text-align-center has-black-color has-text-color has-link-color wp-elements-b1e5f39b9324dc88405eddb685f13d85\" style=\"font-size:21px;font-style:normal;font-weight:400\">Uusille tilaajille 10 % alennuskoodi<\/p>\n\n\n\n<div id=\"mc_embed_shell\" class=\"uutiskirje\">\n      <link href=\"\/\/cdn-images.mailchimp.com\/embedcode\/classic-061523.css\" rel=\"stylesheet\" type=\"text\/css\">\n  <style type=\"text\/css\">\n        #mc_embed_signup{background:#fff; false;clear:left; font:14px Helvetica,Arial,sans-serif; width: 320px;}\n        \/* Add your own Mailchimp form style overrides in your site stylesheet or in this style block.\n           We recommend moving this block and the preceding CSS link to the HEAD of your HTML file. *\/\n<\/style>\n<div id=\"mc_embed_signup\">\n    <form action=\"https:\/\/jakke-lisaravinteet.us21.list-manage.com\/subscribe\/post?u=91d0919a11f701ea748a189bd&amp;id=3a13caf404&amp;f_id=00bef6e6f0\" method=\"post\" id=\"mc-embedded-subscribe-form\" name=\"mc-embedded-subscribe-form\" class=\"validate\" target=\"_blank\">\n        <div id=\"mc_embed_signup_scroll\"><h2>Criollon uutiskirje<\/h2>\n            <div class=\"indicates-required\"><span class=\"asterisk\">*<\/span> vaaditaan<\/div>\n            <div class=\"mc-field-group\"><label for=\"mce-EMAIL\">S\u00e4hk\u00f6posti <span class=\"asterisk\">*<\/span><\/label><input type=\"email\" name=\"EMAIL\" class=\"required email\" id=\"mce-EMAIL\" required=\"\" value=\"\"><\/div>\n        <div id=\"mce-responses\" class=\"clear\">\n            <div class=\"response\" id=\"mce-error-response\" style=\"display: none;\"><\/div>\n            <div class=\"response\" id=\"mce-success-response\" style=\"display: none;\"><\/div>\n        <\/div><div aria-hidden=\"true\" style=\"position: absolute; left: -5000px;\"><input type=\"text\" name=\"b_91d0919a11f701ea748a189bd_3a13caf404\" tabindex=\"-1\" value=\"\"><\/div><div class=\"clear\"><input type=\"submit\" name=\"subscribe\" id=\"mc-embedded-subscribe\" class=\"button\" value=\"Tilaa\"><\/div>\n    <\/div>\n<\/form>\n<\/div>\n<script type=\"text\/javascript\" src=\"\/\/s3.amazonaws.com\/downloads.mailchimp.com\/js\/mc-validate.js\"><\/script><script type=\"text\/javascript\">(function($) {window.fnames = new Array(); window.ftypes = new Array();fnames[0]='EMAIL';ftypes[0]='email';fnames[1]='FNAME';ftypes[1]='text';fnames[2]='LNAME';ftypes[2]='text';fnames[3]='ADDRESS';ftypes[3]='address';fnames[4]='PHONE';ftypes[4]='phone';}(jQuery));var $mcj = jQuery.noConflict(true);<\/script><\/div>","protected":false},"excerpt":{"rendered":"<p>Rakkaudesta hevosiin Rakkaustarinamme hevosiin alkaa pienest\u00e4 heppatyt\u00f6st\u00e4, joka p\u00e4\u00e4tti aikuisena perustaa oman hevosrehu ja lis\u00e4ravinne yrityksen, koska h\u00e4n haluaa vain parastaan hevosilleen. Yksinkertaista ja laadukasta, n\u00e4in syntyi Criollo-hevosrehut. Suosituimmat lis\u00e4ravinteet Kaikki yli 69 \u20ac:n lis\u00e4ravinnetilaukset Suomeen ilman toimituskuluja! Kaikki mit\u00e4 hevosesi tarvitsee, yhdess\u00e4 s\u00e4kiss\u00e4 Tilaa uutiskirjeemme Uusille tilaajille 10 % alennuskoodi Criollon uutiskirje * vaaditaan [&hellip;]<\/p>","protected":false},"author":1,"featured_media":0,"parent":0,"menu_order":0,"comment_status":"closed","ping_status":"open","template":"","meta":{"footnotes":""},"class_list":["post-2","page","type-page","status-publish","hentry","entry","owp-thumbs-layout-horizontal","owp-btn-normal","owp-tabs-layout-horizontal","has-no-thumbnails","has-product-nav"],"_links":{"self":[{"href":"https:\/\/www.criollo.fi\/en\/wp-json\/wp\/v2\/pages\/2","targetHints":{"allow":["GET"]}}],"collection":[{"href":"https:\/\/www.criollo.fi\/en\/wp-json\/wp\/v2\/pages"}],"about":[{"href":"https:\/\/www.criollo.fi\/en\/wp-json\/wp\/v2\/types\/page"}],"author":[{"embeddable":true,"href":"https:\/\/www.criollo.fi\/en\/wp-json\/wp\/v2\/users\/1"}],"replies":[{"embeddable":true,"href":"https:\/\/www.criollo.fi\/en\/wp-json\/wp\/v2\/comments?post=2"}],"version-history":[{"count":75,"href":"https:\/\/www.criollo.fi\/en\/wp-json\/wp\/v2\/pages\/2\/revisions"}],"predecessor-version":[{"id":1814,"href":"https:\/\/www.criollo.fi\/en\/wp-json\/wp\/v2\/pages\/2\/revisions\/1814"}],"wp:attachment":[{"href":"https:\/\/www.criollo.fi\/en\/wp-json\/wp\/v2\/media?parent=2"}],"curies":[{"name":"wp","href":"https:\/\/api.w.org\/{rel}","templated":true}]}}